{"id":6412,"date":"2021-05-25T09:34:08","date_gmt":"2021-05-25T09:34:08","guid":{"rendered":"https:\/\/demo2wpopal.b-cdn.net\/humani\/?page_id=6412"},"modified":"2024-07-18T18:59:54","modified_gmt":"2024-07-18T18:59:54","slug":"tapa-rosca-alta-inviolable-r-28-410-con-liner","status":"publish","type":"page","link":"https:\/\/alfainyeccion.com\/?page_id=6412","title":{"rendered":"Tapa Rosca Est\u00e1ndar Alta Inviolable R-28\/410 con Liner"},"content":{"rendered":"\t\t<div data-elementor-type=\"wp-page\" data-elementor-id=\"6412\" class=\"elementor elementor-6412\">\n\t\t\t\t\t\t\t\t\t<div class=\"elementor-section elementor-top-section elementor-element elementor-element-d7f03e7 elementor-section-stretched elementor-section-height-min-height elementor-section-boxed elementor-section-height-default elementor-section-items-middle\" data-id=\"d7f03e7\" data-element_type=\"section\" data-settings=\"{&quot;stretch_section&quot;:&quot;section-stretched&quot;,&quot;background_background&quot;:&quot;classic&quot;}\">\n\t\t\t\t\t\t\t<div class=\"elementor-background-overlay\"><\/div>\n\t\t\t\t\t\t\t<div class=\"elementor-container elementor-column-gap-no\">\n\t\t\t\t\t<div class=\"elementor-column elementor-col-100 elementor-top-column elementor-element elementor-element-0fb7067\" data-id=\"0fb7067\" data-element_type=\"column\">\n\t\t\t<div class=\"elementor-widget-wrap elementor-element-populated\">\n\t\t\t\t\t\t\t\t<div class=\"elementor-element elementor-element-2bfb29d elementor-widget elementor-widget-text-editor\" data-id=\"2bfb29d\" data-element_type=\"widget\" data-widget_type=\"text-editor.default\">\n\t\t\t\t<div class=\"elementor-widget-container\">\n\t\t\t<style>\/*! elementor - v3.9.1 - 14-12-2022 *\/\n.elementor-widget-text-editor.elementor-drop-cap-view-stacked .elementor-drop-cap{background-color:#818a91;color:#fff}.elementor-widget-text-editor.elementor-drop-cap-view-framed .elementor-drop-cap{color:#818a91;border:3px solid;background-color:transparent}.elementor-widget-text-editor:not(.elementor-drop-cap-view-default) .elementor-drop-cap{margin-top:8px}.elementor-widget-text-editor:not(.elementor-drop-cap-view-default) .elementor-drop-cap-letter{width:1em;height:1em}.elementor-widget-text-editor .elementor-drop-cap{float:left;text-align:center;line-height:1;font-size:50px}.elementor-widget-text-editor .elementor-drop-cap-letter{display:inline-block}<\/style>\t\t\t\t<p>ALFA INYECCI\u00d3N<\/p>\t\t\t\t\t\t<\/div>\n\t\t\t\t<\/div>\n\t\t\t\t<div class=\"elementor-element elementor-element-a06a030 elementor-widget elementor-widget-heading\" data-id=\"a06a030\" data-element_type=\"widget\" data-widget_type=\"heading.default\">\n\t\t\t\t<div class=\"elementor-widget-container\">\n\t\t\t<style>\/*! elementor - v3.9.1 - 14-12-2022 *\/\n.elementor-heading-title{padding:0;margin:0;line-height:1}.elementor-widget-heading .elementor-heading-title[class*=elementor-size-]>a{color:inherit;font-size:inherit;line-height:inherit}.elementor-widget-heading .elementor-heading-title.elementor-size-small{font-size:15px}.elementor-widget-heading .elementor-heading-title.elementor-size-medium{font-size:19px}.elementor-widget-heading .elementor-heading-title.elementor-size-large{font-size:29px}.elementor-widget-heading .elementor-heading-title.elementor-size-xl{font-size:39px}.elementor-widget-heading .elementor-heading-title.elementor-size-xxl{font-size:59px}<\/style><h2 class=\"elementor-heading-title elementor-size-default\">Productos<\/h2>\t\t<\/div>\n\t\t\t\t<\/div>\n\t\t\t\t<div class=\"elementor-element elementor-element-b2b22c7 elementor-widget__width-initial elementor-widget elementor-widget-text-editor\" data-id=\"b2b22c7\" data-element_type=\"widget\" data-widget_type=\"text-editor.default\">\n\t\t\t\t<div class=\"elementor-widget-container\">\n\t\t\t\t\t\t\t<p class=\"p1\">Calidad e innovaci\u00f3n en inyecci\u00f3n de pl\u00e1stico.<\/p>\t\t\t\t\t\t<\/div>\n\t\t\t\t<\/div>\n\t\t\t\t\t<\/div>\n\t\t<\/div>\n\t\t\t\t\t\t\t<\/div>\n\t\t<\/div>\n\t\t\t\t<div class=\"elementor-section elementor-top-section elementor-element elementor-element-22b47a6 elementor-section-stretched elementor-section-boxed elementor-section-height-default elementor-section-height-default\" data-id=\"22b47a6\" data-element_type=\"section\" data-settings=\"{&quot;stretch_section&quot;:&quot;section-stretched&quot;,&quot;background_background&quot;:&quot;classic&quot;}\">\n\t\t\t\t\t\t<div class=\"elementor-container elementor-column-gap-no\">\n\t\t\t\t\t<div class=\"elementor-column elementor-col-100 elementor-top-column elementor-element elementor-element-587a916\" data-id=\"587a916\" data-element_type=\"column\">\n\t\t\t<div class=\"elementor-widget-wrap elementor-element-populated\">\n\t\t\t\t\t\t\t\t<div class=\"elementor-element elementor-element-04df2ea elementor-widget elementor-widget-heading\" data-id=\"04df2ea\" data-element_type=\"widget\" data-widget_type=\"heading.default\">\n\t\t\t\t<div class=\"elementor-widget-container\">\n\t\t\t<h2 class=\"elementor-heading-title elementor-size-default\">Tapa Rosca Est\u00e1ndar Alta Inviolable R-28\/410 con Liner<\/h2>\t\t<\/div>\n\t\t\t\t<\/div>\n\t\t\t\t<section class=\"elementor-section elementor-inner-section elementor-element elementor-element-97e4b80 elementor-section-boxed elementor-section-height-default elementor-section-height-default\" data-id=\"97e4b80\" data-element_type=\"section\">\n\t\t\t\t\t\t<div class=\"elementor-container elementor-column-gap-default\">\n\t\t\t\t\t<div class=\"elementor-column elementor-col-50 elementor-inner-column elementor-element elementor-element-21edf82\" data-id=\"21edf82\" data-element_type=\"column\">\n\t\t\t<div class=\"elementor-widget-wrap elementor-element-populated\">\n\t\t\t\t\t\t\t\t<div class=\"elementor-element elementor-element-24c5060 elementor-aspect-ratio-916 elementor-widget elementor-widget-video\" data-id=\"24c5060\" data-element_type=\"widget\" data-settings=\"{&quot;video_type&quot;:&quot;hosted&quot;,&quot;aspect_ratio&quot;:&quot;916&quot;,&quot;controls&quot;:&quot;yes&quot;}\" data-widget_type=\"video.default\">\n\t\t\t\t<div class=\"elementor-widget-container\">\n\t\t\t<style>\/*! elementor - v3.9.1 - 14-12-2022 *\/\n.elementor-widget-video .elementor-widget-container{overflow:hidden;transform:translateZ(0)}.elementor-widget-video .elementor-open-inline .elementor-custom-embed-image-overlay{position:absolute;top:0;left:0;width:100%;height:100%;background-size:cover;background-position:50%}.elementor-widget-video .elementor-custom-embed-image-overlay{cursor:pointer;text-align:center}.elementor-widget-video .elementor-custom-embed-image-overlay:hover .elementor-custom-embed-play i{opacity:1}.elementor-widget-video .elementor-custom-embed-image-overlay img{display:block;width:100%}.elementor-widget-video .e-hosted-video .elementor-video{-o-object-fit:cover;object-fit:cover}.e-con-inner>.elementor-widget-video,.e-con>.elementor-widget-video{width:var(--container-widget-width);--flex-grow:var(--container-widget-flex-grow)}<\/style>\t\t<div class=\"e-hosted-video elementor-wrapper elementor-fit-aspect-ratio elementor-open-inline\">\n\t\t\t\t\t<video class=\"elementor-video\" src=\"https:\/\/alfainyeccion.com\/wp-content\/uploads\/2023\/01\/Video-Producto-1.mp4\" controls=\"\" controlsList=\"nodownload\"><\/video>\n\t\t\t\t<\/div>\n\t\t\t\t<\/div>\n\t\t\t\t<\/div>\n\t\t\t\t<div class=\"elementor-element elementor-element-bd2c1be elementor-widget elementor-widget-image\" data-id=\"bd2c1be\" data-element_type=\"widget\" data-widget_type=\"image.default\">\n\t\t\t\t<div class=\"elementor-widget-container\">\n\t\t\t<style>\/*! elementor - v3.9.1 - 14-12-2022 *\/\n.elementor-widget-image{text-align:center}.elementor-widget-image a{display:inline-block}.elementor-widget-image a img[src$=\".svg\"]{width:48px}.elementor-widget-image img{vertical-align:middle;display:inline-block}<\/style>\t\t\t\t\t\t\t\t\t\t\t\t\t<a href=\"https:\/\/alfainyeccion.com\/wp-content\/uploads\/2024\/07\/Descripcio\u0301n-detallada-Tapa-LINER.jpg\" data-elementor-open-lightbox=\"yes\" data-elementor-lightbox-title=\"Descripcio\u0301n detallada Tapa Rosca\" e-action-hash=\"#elementor-action%3Aaction%3Dlightbox%26settings%3DeyJpZCI6MTY4NTEsInVybCI6Imh0dHBzOlwvXC9hbGZhaW55ZWNjaW9uLmNvbVwvd3AtY29udGVudFwvdXBsb2Fkc1wvMjAyNFwvMDdcL0Rlc2NyaXBjaW9cdTAzMDFuLWRldGFsbGFkYS1UYXBhLUxJTkVSLmpwZyJ9\">\n\t\t\t\t\t\t\t<img loading=\"lazy\" decoding=\"async\" width=\"612\" height=\"792\" src=\"https:\/\/alfainyeccion.com\/wp-content\/uploads\/2024\/07\/Descripcio\u0301n-detallada-Tapa-LINER.jpg\" class=\"attachment-full size-full wp-image-16851\" alt=\"\" srcset=\"https:\/\/alfainyeccion.com\/wp-content\/uploads\/2024\/07\/Descripcio\u0301n-detallada-Tapa-LINER.jpg 612w, https:\/\/alfainyeccion.com\/wp-content\/uploads\/2024\/07\/Descripcio\u0301n-detallada-Tapa-LINER-232x300.jpg 232w\" sizes=\"auto, (max-width: 612px) 100vw, 612px\" \/>\t\t\t\t\t\t\t\t<\/a>\n\t\t\t\t\t\t\t\t\t\t\t\t\t\t\t<\/div>\n\t\t\t\t<\/div>\n\t\t\t\t\t<\/div>\n\t\t<\/div>\n\t\t\t\t<div class=\"elementor-column elementor-col-50 elementor-inner-column elementor-element elementor-element-81212d8\" data-id=\"81212d8\" data-element_type=\"column\">\n\t\t\t<div class=\"elementor-widget-wrap elementor-element-populated\">\n\t\t\t\t\t\t\t\t<div class=\"elementor-element elementor-element-f8bc743 elementor-widget elementor-widget-text-editor\" data-id=\"f8bc743\" data-element_type=\"widget\" data-widget_type=\"text-editor.default\">\n\t\t\t\t<div class=\"elementor-widget-container\">\n\t\t\t\t\t\t\t<h4 class=\"p1\"><strong>Caracter\u00edsticas del producto<\/strong><\/h4><ul><li class=\"p1\"><strong>Descripci\u00f3n:<\/strong> Tapa Rosca Est\u00e1ndar Alta Inviolable R-28\/410 con Liner.<\/li><li class=\"p1\"><strong>Dimensi\u00f3n:<\/strong> Di\u00e1metro 28mm y Altura 18.99 mm.<\/li><li class=\"p1\"><strong>Material:<\/strong> Polietileno Alta Densidad (LDPE).<\/li><li class=\"p1\"><strong>Aplicaci\u00f3n:<\/strong> Alimentos, bebidas, higiene, entre otros.<\/li><li class=\"p1\"><strong>Colores:<\/strong> Cualquier color (aplica m\u00ednimos).<\/li><li class=\"p1\"><strong>Fabricaci\u00f3n:<\/strong> Materia prima virgen regulada por la FDA, hecho en M\u00e9xico.<\/li><li class=\"p1\"><strong>Empaque:<\/strong> Caja\/bolsa 6,000 piezas.<\/li><li class=\"p1\"><strong>Proceso:<\/strong> Moldeo por inyecci\u00f3n.<\/li><li class=\"p1\"><strong>Molde:<\/strong> 16 Cavidades Colada Caliente.<\/li><li class=\"p1\"><strong>M\u00e1quina Inyecci\u00f3n:<\/strong> Nissei FNX110.<\/li><\/ul>\t\t\t\t\t\t<\/div>\n\t\t\t\t<\/div>\n\t\t\t\t<div class=\"elementor-element elementor-element-309facc elementor-arrows-position-inside elementor-pagination-position-outside elementor-widget elementor-widget-image-carousel\" data-id=\"309facc\" data-element_type=\"widget\" data-settings=\"{&quot;slides_to_show&quot;:&quot;1&quot;,&quot;navigation&quot;:&quot;both&quot;,&quot;autoplay&quot;:&quot;yes&quot;,&quot;pause_on_hover&quot;:&quot;yes&quot;,&quot;pause_on_interaction&quot;:&quot;yes&quot;,&quot;autoplay_speed&quot;:5000,&quot;infinite&quot;:&quot;yes&quot;,&quot;effect&quot;:&quot;slide&quot;,&quot;speed&quot;:500}\" data-widget_type=\"image-carousel.default\">\n\t\t\t\t<div class=\"elementor-widget-container\">\n\t\t\t<style>\/*! elementor - v3.9.1 - 14-12-2022 *\/\n.elementor-widget-image-carousel .swiper-container{position:static}.elementor-widget-image-carousel .swiper-container .swiper-slide figure{line-height:inherit}.elementor-widget-image-carousel .swiper-slide{text-align:center}.elementor-image-carousel-wrapper:not(.swiper-container-initialized) .swiper-slide{max-width:calc(100% \/ var(--e-image-carousel-slides-to-show, 3))}<\/style>\t\t<div class=\"elementor-image-carousel-wrapper swiper-container\" dir=\"ltr\">\n\t\t\t<div class=\"elementor-image-carousel swiper-wrapper swiper-image-stretch\">\n\t\t\t\t\t\t\t\t<div class=\"swiper-slide\"><a data-elementor-open-lightbox=\"yes\" data-elementor-lightbox-slideshow=\"309facc\" data-elementor-lightbox-title=\"20240302_084010\" e-action-hash=\"#elementor-action%3Aaction%3Dlightbox%26settings%3DeyJpZCI6MTY4MzIsInVybCI6Imh0dHBzOlwvXC9hbGZhaW55ZWNjaW9uLmNvbVwvd3AtY29udGVudFwvdXBsb2Fkc1wvMjAyNFwvMDdcLzIwMjQwMzAyXzA4NDAxMC5qcGciLCJzbGlkZXNob3ciOiIzMDlmYWNjIn0%3D\" href=\"https:\/\/alfainyeccion.com\/wp-content\/uploads\/2024\/07\/20240302_084010.jpg\"><figure class=\"swiper-slide-inner\"><img decoding=\"async\" class=\"swiper-slide-image\" src=\"https:\/\/alfainyeccion.com\/wp-content\/uploads\/2024\/07\/20240302_084010.jpg\" alt=\"20240302_084010\" \/><\/figure><\/a><\/div><div class=\"swiper-slide\"><a data-elementor-open-lightbox=\"yes\" data-elementor-lightbox-slideshow=\"309facc\" data-elementor-lightbox-title=\"20240302_084032\" e-action-hash=\"#elementor-action%3Aaction%3Dlightbox%26settings%3DeyJpZCI6MTY4MzMsInVybCI6Imh0dHBzOlwvXC9hbGZhaW55ZWNjaW9uLmNvbVwvd3AtY29udGVudFwvdXBsb2Fkc1wvMjAyNFwvMDdcLzIwMjQwMzAyXzA4NDAzMi5qcGciLCJzbGlkZXNob3ciOiIzMDlmYWNjIn0%3D\" href=\"https:\/\/alfainyeccion.com\/wp-content\/uploads\/2024\/07\/20240302_084032.jpg\"><figure class=\"swiper-slide-inner\"><img decoding=\"async\" class=\"swiper-slide-image\" src=\"https:\/\/alfainyeccion.com\/wp-content\/uploads\/2024\/07\/20240302_084032.jpg\" alt=\"20240302_084032\" \/><\/figure><\/a><\/div><div class=\"swiper-slide\"><a data-elementor-open-lightbox=\"yes\" data-elementor-lightbox-slideshow=\"309facc\" data-elementor-lightbox-title=\"20240302_084046\" e-action-hash=\"#elementor-action%3Aaction%3Dlightbox%26settings%3DeyJpZCI6MTY4MzQsInVybCI6Imh0dHBzOlwvXC9hbGZhaW55ZWNjaW9uLmNvbVwvd3AtY29udGVudFwvdXBsb2Fkc1wvMjAyNFwvMDdcLzIwMjQwMzAyXzA4NDA0Ni5qcGciLCJzbGlkZXNob3ciOiIzMDlmYWNjIn0%3D\" href=\"https:\/\/alfainyeccion.com\/wp-content\/uploads\/2024\/07\/20240302_084046.jpg\"><figure class=\"swiper-slide-inner\"><img decoding=\"async\" class=\"swiper-slide-image\" src=\"https:\/\/alfainyeccion.com\/wp-content\/uploads\/2024\/07\/20240302_084046.jpg\" alt=\"20240302_084046\" \/><\/figure><\/a><\/div><div class=\"swiper-slide\"><a data-elementor-open-lightbox=\"yes\" data-elementor-lightbox-slideshow=\"309facc\" data-elementor-lightbox-title=\"20240302_084058\" e-action-hash=\"#elementor-action%3Aaction%3Dlightbox%26settings%3DeyJpZCI6MTY4MzUsInVybCI6Imh0dHBzOlwvXC9hbGZhaW55ZWNjaW9uLmNvbVwvd3AtY29udGVudFwvdXBsb2Fkc1wvMjAyNFwvMDdcLzIwMjQwMzAyXzA4NDA1OC5qcGciLCJzbGlkZXNob3ciOiIzMDlmYWNjIn0%3D\" href=\"https:\/\/alfainyeccion.com\/wp-content\/uploads\/2024\/07\/20240302_084058.jpg\"><figure class=\"swiper-slide-inner\"><img decoding=\"async\" class=\"swiper-slide-image\" src=\"https:\/\/alfainyeccion.com\/wp-content\/uploads\/2024\/07\/20240302_084058.jpg\" alt=\"20240302_084058\" \/><\/figure><\/a><\/div><div class=\"swiper-slide\"><a data-elementor-open-lightbox=\"yes\" data-elementor-lightbox-slideshow=\"309facc\" data-elementor-lightbox-title=\"20240302_084110\" e-action-hash=\"#elementor-action%3Aaction%3Dlightbox%26settings%3DeyJpZCI6MTY4MzYsInVybCI6Imh0dHBzOlwvXC9hbGZhaW55ZWNjaW9uLmNvbVwvd3AtY29udGVudFwvdXBsb2Fkc1wvMjAyNFwvMDdcLzIwMjQwMzAyXzA4NDExMC5qcGciLCJzbGlkZXNob3ciOiIzMDlmYWNjIn0%3D\" href=\"https:\/\/alfainyeccion.com\/wp-content\/uploads\/2024\/07\/20240302_084110.jpg\"><figure class=\"swiper-slide-inner\"><img decoding=\"async\" class=\"swiper-slide-image\" src=\"https:\/\/alfainyeccion.com\/wp-content\/uploads\/2024\/07\/20240302_084110.jpg\" alt=\"20240302_084110\" \/><\/figure><\/a><\/div>\t\t\t<\/div>\n\t\t\t\t\t\t\t\t\t\t\t\t<div class=\"swiper-pagination\"><\/div>\n\t\t\t\t\t\t\t\t\t\t\t\t\t<div class=\"elementor-swiper-button elementor-swiper-button-prev\">\n\t\t\t\t\t\t<i aria-hidden=\"true\" class=\"eicon-chevron-left\"><\/i>\t\t\t\t\t\t<span class=\"elementor-screen-only\">Previous<\/span>\n\t\t\t\t\t<\/div>\n\t\t\t\t\t<div class=\"elementor-swiper-button elementor-swiper-button-next\">\n\t\t\t\t\t\t<i aria-hidden=\"true\" class=\"eicon-chevron-right\"><\/i>\t\t\t\t\t\t<span class=\"elementor-screen-only\">Next<\/span>\n\t\t\t\t\t<\/div>\n\t\t\t\t\t\t\t\t\t<\/div>\n\t\t\t\t<\/div>\n\t\t\t\t<\/div>\n\t\t\t\t<div class=\"elementor-element elementor-element-05f85b7 elementor-widget elementor-widget-image\" data-id=\"05f85b7\" data-element_type=\"widget\" data-widget_type=\"image.default\">\n\t\t\t\t<div class=\"elementor-widget-container\">\n\t\t\t\t\t\t\t\t\t\t\t\t\t\t\t\t<a href=\"https:\/\/alfainyeccion.com\/wp-content\/uploads\/2024\/07\/Tapa-Rosca-28mm-Inviolable-LINER.jpg\" data-elementor-open-lightbox=\"yes\" data-elementor-lightbox-title=\"Tapa Rosca 28mm Inviolable Con Cintillo Alta_MODIFICACION 2\" e-action-hash=\"#elementor-action%3Aaction%3Dlightbox%26settings%3DeyJpZCI6MTY4NTAsInVybCI6Imh0dHBzOlwvXC9hbGZhaW55ZWNjaW9uLmNvbVwvd3AtY29udGVudFwvdXBsb2Fkc1wvMjAyNFwvMDdcL1RhcGEtUm9zY2EtMjhtbS1JbnZpb2xhYmxlLUxJTkVSLmpwZyJ9\">\n\t\t\t\t\t\t\t<img loading=\"lazy\" decoding=\"async\" width=\"980\" height=\"671\" src=\"https:\/\/alfainyeccion.com\/wp-content\/uploads\/2024\/07\/Tapa-Rosca-28mm-Inviolable-LINER-1024x701.jpg\" class=\"attachment-large size-large wp-image-16850\" alt=\"\" srcset=\"https:\/\/alfainyeccion.com\/wp-content\/uploads\/2024\/07\/Tapa-Rosca-28mm-Inviolable-LINER-1024x701.jpg 1024w, https:\/\/alfainyeccion.com\/wp-content\/uploads\/2024\/07\/Tapa-Rosca-28mm-Inviolable-LINER-300x205.jpg 300w, https:\/\/alfainyeccion.com\/wp-content\/uploads\/2024\/07\/Tapa-Rosca-28mm-Inviolable-LINER-768x525.jpg 768w, https:\/\/alfainyeccion.com\/wp-content\/uploads\/2024\/07\/Tapa-Rosca-28mm-Inviolable-LINER.jpg 1368w\" sizes=\"auto, (max-width: 980px) 100vw, 980px\" \/>\t\t\t\t\t\t\t\t<\/a>\n\t\t\t\t\t\t\t\t\t\t\t\t\t\t\t<\/div>\n\t\t\t\t<\/div>\n\t\t\t\t\t<\/div>\n\t\t<\/div>\n\t\t\t\t\t\t\t<\/div>\n\t\t<\/section>\n\t\t\t\t\t<\/div>\n\t\t<\/div>\n\t\t\t\t\t\t\t<\/div>\n\t\t<\/div>\n\t\t\t\t\t\t\t<\/div>\n\t\t","protected":false},"excerpt":{"rendered":"<p>ALFA INYECCI\u00d3N Productos Calidad e innovaci\u00f3n en inyecci\u00f3n de pl\u00e1stico. Tapa Rosca Est\u00e1ndar Alta Inviolable R-28\/410 con Liner https:\/\/alfainyeccion.com\/wp-content\/uploads\/2023\/01\/Video-Producto-1.mp4 Caracter\u00edsticas del producto Descripci\u00f3n: Tapa Rosca Est\u00e1ndar Alta Inviolable R-28\/410 con Liner. Dimensi\u00f3n: Di\u00e1metro 28mm y Altura 18.99 mm. Material: Polietileno Alta Densidad (LDPE). Aplicaci\u00f3n: Alimentos, bebidas, higiene, entre otros. Colores: Cualquier color (aplica m\u00ednimos). Fabricaci\u00f3n: [&hellip;]<\/p>\n","protected":false},"author":1,"featured_media":0,"parent":0,"menu_order":0,"comment_status":"closed","ping_status":"closed","template":"template-homepage.php","meta":{"inline_featured_image":false,"footnotes":""},"class_list":["post-6412","page","type-page","status-publish","hentry"],"_links":{"self":[{"href":"https:\/\/alfainyeccion.com\/index.php?rest_route=\/wp\/v2\/pages\/6412","targetHints":{"allow":["GET"]}}],"collection":[{"href":"https:\/\/alfainyeccion.com\/index.php?rest_route=\/wp\/v2\/pages"}],"about":[{"href":"https:\/\/alfainyeccion.com\/index.php?rest_route=\/wp\/v2\/types\/page"}],"author":[{"embeddable":true,"href":"https:\/\/alfainyeccion.com\/index.php?rest_route=\/wp\/v2\/users\/1"}],"replies":[{"embeddable":true,"href":"https:\/\/alfainyeccion.com\/index.php?rest_route=%2Fwp%2Fv2%2Fcomments&post=6412"}],"version-history":[{"count":86,"href":"https:\/\/alfainyeccion.com\/index.php?rest_route=\/wp\/v2\/pages\/6412\/revisions"}],"predecessor-version":[{"id":16873,"href":"https:\/\/alfainyeccion.com\/index.php?rest_route=\/wp\/v2\/pages\/6412\/revisions\/16873"}],"wp:attachment":[{"href":"https:\/\/alfainyeccion.com\/index.php?rest_route=%2Fwp%2Fv2%2Fmedia&parent=6412"}],"curies":[{"name":"wp","href":"https:\/\/api.w.org\/{rel}","templated":true}]}}