{"id":16324,"date":"2022-12-21T05:35:20","date_gmt":"2022-12-21T05:35:20","guid":{"rendered":"https:\/\/alfainyeccion.com\/?page_id=16324"},"modified":"2024-07-19T17:35:10","modified_gmt":"2024-07-19T17:35:10","slug":"tapa-de-garrafon-con-retapa","status":"publish","type":"page","link":"https:\/\/alfainyeccion.com\/?page_id=16324","title":{"rendered":"Tapa de garraf\u00f3n con retapa"},"content":{"rendered":"\t\t<div data-elementor-type=\"wp-page\" data-elementor-id=\"16324\" class=\"elementor elementor-16324\">\n\t\t\t\t\t\t\t\t\t<div class=\"elementor-section elementor-top-section elementor-element elementor-element-d7f03e7 elementor-section-stretched elementor-section-height-min-height elementor-section-boxed elementor-section-height-default elementor-section-items-middle\" data-id=\"d7f03e7\" data-element_type=\"section\" data-settings=\"{&quot;stretch_section&quot;:&quot;section-stretched&quot;,&quot;background_background&quot;:&quot;classic&quot;}\">\n\t\t\t\t\t\t\t<div class=\"elementor-background-overlay\"><\/div>\n\t\t\t\t\t\t\t<div class=\"elementor-container elementor-column-gap-no\">\n\t\t\t\t\t<div class=\"elementor-column elementor-col-100 elementor-top-column elementor-element elementor-element-0fb7067\" data-id=\"0fb7067\" data-element_type=\"column\">\n\t\t\t<div class=\"elementor-widget-wrap elementor-element-populated\">\n\t\t\t\t\t\t\t\t<div class=\"elementor-element elementor-element-2bfb29d elementor-widget elementor-widget-text-editor\" data-id=\"2bfb29d\" data-element_type=\"widget\" data-widget_type=\"text-editor.default\">\n\t\t\t\t<div class=\"elementor-widget-container\">\n\t\t\t<style>\/*! elementor - v3.9.1 - 14-12-2022 *\/\n.elementor-widget-text-editor.elementor-drop-cap-view-stacked .elementor-drop-cap{background-color:#818a91;color:#fff}.elementor-widget-text-editor.elementor-drop-cap-view-framed .elementor-drop-cap{color:#818a91;border:3px solid;background-color:transparent}.elementor-widget-text-editor:not(.elementor-drop-cap-view-default) .elementor-drop-cap{margin-top:8px}.elementor-widget-text-editor:not(.elementor-drop-cap-view-default) .elementor-drop-cap-letter{width:1em;height:1em}.elementor-widget-text-editor .elementor-drop-cap{float:left;text-align:center;line-height:1;font-size:50px}.elementor-widget-text-editor .elementor-drop-cap-letter{display:inline-block}<\/style>\t\t\t\t<p>ALFA INYECCI\u00d3N<\/p>\t\t\t\t\t\t<\/div>\n\t\t\t\t<\/div>\n\t\t\t\t<div class=\"elementor-element elementor-element-a06a030 elementor-widget elementor-widget-heading\" data-id=\"a06a030\" data-element_type=\"widget\" data-widget_type=\"heading.default\">\n\t\t\t\t<div class=\"elementor-widget-container\">\n\t\t\t<style>\/*! elementor - v3.9.1 - 14-12-2022 *\/\n.elementor-heading-title{padding:0;margin:0;line-height:1}.elementor-widget-heading .elementor-heading-title[class*=elementor-size-]>a{color:inherit;font-size:inherit;line-height:inherit}.elementor-widget-heading .elementor-heading-title.elementor-size-small{font-size:15px}.elementor-widget-heading .elementor-heading-title.elementor-size-medium{font-size:19px}.elementor-widget-heading .elementor-heading-title.elementor-size-large{font-size:29px}.elementor-widget-heading .elementor-heading-title.elementor-size-xl{font-size:39px}.elementor-widget-heading .elementor-heading-title.elementor-size-xxl{font-size:59px}<\/style><h2 class=\"elementor-heading-title elementor-size-default\">Productos<\/h2>\t\t<\/div>\n\t\t\t\t<\/div>\n\t\t\t\t<div class=\"elementor-element elementor-element-b2b22c7 elementor-widget__width-initial elementor-widget elementor-widget-text-editor\" data-id=\"b2b22c7\" data-element_type=\"widget\" data-widget_type=\"text-editor.default\">\n\t\t\t\t<div class=\"elementor-widget-container\">\n\t\t\t\t\t\t\t<p class=\"p1\">Calidad e innovaci\u00f3n en inyecci\u00f3n de pl\u00e1stico.<\/p>\t\t\t\t\t\t<\/div>\n\t\t\t\t<\/div>\n\t\t\t\t\t<\/div>\n\t\t<\/div>\n\t\t\t\t\t\t\t<\/div>\n\t\t<\/div>\n\t\t\t\t<div class=\"elementor-section elementor-top-section elementor-element elementor-element-22b47a6 elementor-section-stretched elementor-section-boxed elementor-section-height-default elementor-section-height-default\" data-id=\"22b47a6\" data-element_type=\"section\" data-settings=\"{&quot;stretch_section&quot;:&quot;section-stretched&quot;,&quot;background_background&quot;:&quot;classic&quot;}\">\n\t\t\t\t\t\t<div class=\"elementor-container elementor-column-gap-no\">\n\t\t\t\t\t<div class=\"elementor-column elementor-col-100 elementor-top-column elementor-element elementor-element-587a916\" data-id=\"587a916\" data-element_type=\"column\">\n\t\t\t<div class=\"elementor-widget-wrap elementor-element-populated\">\n\t\t\t\t\t\t\t\t<div class=\"elementor-element elementor-element-04df2ea elementor-widget elementor-widget-heading\" data-id=\"04df2ea\" data-element_type=\"widget\" data-widget_type=\"heading.default\">\n\t\t\t\t<div class=\"elementor-widget-container\">\n\t\t\t<h2 class=\"elementor-heading-title elementor-size-default\">Tapa de garraf\u00f3n con retapa<\/h2>\t\t<\/div>\n\t\t\t\t<\/div>\n\t\t\t\t<section class=\"elementor-section elementor-inner-section elementor-element elementor-element-97e4b80 elementor-section-boxed elementor-section-height-default elementor-section-height-default\" data-id=\"97e4b80\" data-element_type=\"section\">\n\t\t\t\t\t\t<div class=\"elementor-container elementor-column-gap-default\">\n\t\t\t\t\t<div class=\"elementor-column elementor-col-50 elementor-inner-column elementor-element elementor-element-21edf82\" data-id=\"21edf82\" data-element_type=\"column\">\n\t\t\t<div class=\"elementor-widget-wrap elementor-element-populated\">\n\t\t\t\t\t\t\t\t<div class=\"elementor-element elementor-element-24c5060 elementor-aspect-ratio-169 elementor-widget elementor-widget-video\" data-id=\"24c5060\" data-element_type=\"widget\" data-settings=\"{&quot;youtube_url&quot;:&quot;https:\\\/\\\/www.youtube.com\\\/watch?v=_TCMCwKxkG4&quot;,&quot;video_type&quot;:&quot;youtube&quot;,&quot;controls&quot;:&quot;yes&quot;,&quot;aspect_ratio&quot;:&quot;169&quot;}\" data-widget_type=\"video.default\">\n\t\t\t\t<div class=\"elementor-widget-container\">\n\t\t\t<style>\/*! elementor - v3.9.1 - 14-12-2022 *\/\n.elementor-widget-video .elementor-widget-container{overflow:hidden;transform:translateZ(0)}.elementor-widget-video .elementor-open-inline .elementor-custom-embed-image-overlay{position:absolute;top:0;left:0;width:100%;height:100%;background-size:cover;background-position:50%}.elementor-widget-video .elementor-custom-embed-image-overlay{cursor:pointer;text-align:center}.elementor-widget-video .elementor-custom-embed-image-overlay:hover .elementor-custom-embed-play i{opacity:1}.elementor-widget-video .elementor-custom-embed-image-overlay img{display:block;width:100%}.elementor-widget-video .e-hosted-video .elementor-video{-o-object-fit:cover;object-fit:cover}.e-con-inner>.elementor-widget-video,.e-con>.elementor-widget-video{width:var(--container-widget-width);--flex-grow:var(--container-widget-flex-grow)}<\/style>\t\t<div class=\"elementor-wrapper elementor-fit-aspect-ratio elementor-open-inline\">\n\t\t\t<div class=\"elementor-video\"><\/div>\t\t<\/div>\n\t\t\t\t<\/div>\n\t\t\t\t<\/div>\n\t\t\t\t\t<\/div>\n\t\t<\/div>\n\t\t\t\t<div class=\"elementor-column elementor-col-50 elementor-inner-column elementor-element elementor-element-81212d8\" data-id=\"81212d8\" data-element_type=\"column\">\n\t\t\t<div class=\"elementor-widget-wrap elementor-element-populated\">\n\t\t\t\t\t\t\t\t<div class=\"elementor-element elementor-element-f8bc743 elementor-widget elementor-widget-text-editor\" data-id=\"f8bc743\" data-element_type=\"widget\" data-widget_type=\"text-editor.default\">\n\t\t\t\t<div class=\"elementor-widget-container\">\n\t\t\t\t\t\t\t<h4 class=\"p1\"><strong>Caracter\u00edsticas del producto<\/strong><\/h4><ul><li class=\"p1\"><strong>Descripci\u00f3n:<\/strong> Tapa de garraf\u00f3n con retapa.<\/li><li class=\"p1\"><strong>Dimensi\u00f3n:<\/strong> Di\u00e1metro 55mm y Altura 23.5mm.<\/li><li class=\"p1\"><strong>Material:<\/strong> Polietileno Baja Densidad (LDPE).<\/li><li class=\"p1\"><strong>Aplicaci\u00f3n:<\/strong> Tapa presi\u00f3n para garraf\u00f3n 19 y 20 litros.<\/li><li class=\"p1\"><strong>Colores:<\/strong> Varios colores.<\/li><li class=\"p1\"><strong>Fabricaci\u00f3n:<\/strong> Materia prima virgen regulada por la FDA, hecho en M\u00e9xico.<\/li><li class=\"p1\"><strong>Empaque:<\/strong> Bolsa 2,000 piezas.<\/li><li class=\"p1\"><strong>Proceso:<\/strong> Moldeo por inyecci\u00f3n.<\/li><li class=\"p1\"><strong>Molde:<\/strong> 4 Cavidades Colada Caliente.<\/li><li class=\"p1\"><strong>M\u00e1quina Inyecci\u00f3n:<\/strong> Nissei NS60.<\/li><\/ul>\t\t\t\t\t\t<\/div>\n\t\t\t\t<\/div>\n\t\t\t\t\t<\/div>\n\t\t<\/div>\n\t\t\t\t\t\t\t<\/div>\n\t\t<\/section>\n\t\t\t\t<section class=\"elementor-section elementor-inner-section elementor-element elementor-element-136164c elementor-section-boxed elementor-section-height-default elementor-section-height-default\" data-id=\"136164c\" data-element_type=\"section\">\n\t\t\t\t\t\t<div class=\"elementor-container elementor-column-gap-default\">\n\t\t\t\t\t<div class=\"elementor-column elementor-col-50 elementor-inner-column elementor-element elementor-element-aa7fb25\" data-id=\"aa7fb25\" data-element_type=\"column\">\n\t\t\t<div class=\"elementor-widget-wrap elementor-element-populated\">\n\t\t\t\t\t\t\t\t<div class=\"elementor-element elementor-element-05f85b7 elementor-widget elementor-widget-image\" data-id=\"05f85b7\" data-element_type=\"widget\" data-widget_type=\"image.default\">\n\t\t\t\t<div class=\"elementor-widget-container\">\n\t\t\t<style>\/*! elementor - v3.9.1 - 14-12-2022 *\/\n.elementor-widget-image{text-align:center}.elementor-widget-image a{display:inline-block}.elementor-widget-image a img[src$=\".svg\"]{width:48px}.elementor-widget-image img{vertical-align:middle;display:inline-block}<\/style>\t\t\t\t\t\t\t\t\t\t\t\t\t<a href=\"https:\/\/alfainyeccion.com\/wp-content\/uploads\/2022\/12\/Vizcaino-2d-tapa-garrafon.jpg\" data-elementor-open-lightbox=\"yes\" data-elementor-lightbox-title=\"Vizcaino-2d-tapa-garrafon\" e-action-hash=\"#elementor-action%3Aaction%3Dlightbox%26settings%3DeyJpZCI6MTY0NjUsInVybCI6Imh0dHBzOlwvXC9hbGZhaW55ZWNjaW9uLmNvbVwvd3AtY29udGVudFwvdXBsb2Fkc1wvMjAyMlwvMTJcL1ZpemNhaW5vLTJkLXRhcGEtZ2FycmFmb24uanBnIn0%3D\">\n\t\t\t\t\t\t\t<img loading=\"lazy\" decoding=\"async\" width=\"800\" height=\"525\" src=\"https:\/\/alfainyeccion.com\/wp-content\/uploads\/2022\/12\/Vizcaino-2d-tapa-garrafon.jpg\" class=\"attachment-large size-large wp-image-16465\" alt=\"\" srcset=\"https:\/\/alfainyeccion.com\/wp-content\/uploads\/2022\/12\/Vizcaino-2d-tapa-garrafon.jpg 800w, https:\/\/alfainyeccion.com\/wp-content\/uploads\/2022\/12\/Vizcaino-2d-tapa-garrafon-300x197.jpg 300w, https:\/\/alfainyeccion.com\/wp-content\/uploads\/2022\/12\/Vizcaino-2d-tapa-garrafon-768x504.jpg 768w\" sizes=\"auto, (max-width: 800px) 100vw, 800px\" \/>\t\t\t\t\t\t\t\t<\/a>\n\t\t\t\t\t\t\t\t\t\t\t\t\t\t\t<\/div>\n\t\t\t\t<\/div>\n\t\t\t\t\t<\/div>\n\t\t<\/div>\n\t\t\t\t<div class=\"elementor-column elementor-col-50 elementor-inner-column elementor-element elementor-element-bd0ae02\" data-id=\"bd0ae02\" data-element_type=\"column\">\n\t\t\t<div class=\"elementor-widget-wrap elementor-element-populated\">\n\t\t\t\t\t\t\t\t<div class=\"elementor-element elementor-element-4a415e7 elementor-arrows-position-inside elementor-widget elementor-widget-image-carousel\" data-id=\"4a415e7\" data-element_type=\"widget\" data-settings=\"{&quot;slides_to_show&quot;:&quot;1&quot;,&quot;navigation&quot;:&quot;arrows&quot;,&quot;autoplay&quot;:&quot;yes&quot;,&quot;pause_on_hover&quot;:&quot;yes&quot;,&quot;pause_on_interaction&quot;:&quot;yes&quot;,&quot;autoplay_speed&quot;:5000,&quot;infinite&quot;:&quot;yes&quot;,&quot;effect&quot;:&quot;slide&quot;,&quot;speed&quot;:500}\" data-widget_type=\"image-carousel.default\">\n\t\t\t\t<div class=\"elementor-widget-container\">\n\t\t\t<style>\/*! elementor - v3.9.1 - 14-12-2022 *\/\n.elementor-widget-image-carousel .swiper-container{position:static}.elementor-widget-image-carousel .swiper-container .swiper-slide figure{line-height:inherit}.elementor-widget-image-carousel .swiper-slide{text-align:center}.elementor-image-carousel-wrapper:not(.swiper-container-initialized) .swiper-slide{max-width:calc(100% \/ var(--e-image-carousel-slides-to-show, 3))}<\/style>\t\t<div class=\"elementor-image-carousel-wrapper swiper-container\" dir=\"ltr\">\n\t\t\t<div class=\"elementor-image-carousel swiper-wrapper swiper-image-stretch\">\n\t\t\t\t\t\t\t\t<div class=\"swiper-slide\"><figure class=\"swiper-slide-inner\"><img decoding=\"async\" class=\"swiper-slide-image\" src=\"https:\/\/alfainyeccion.com\/wp-content\/uploads\/2022\/12\/TAPA-GARRAFON-GORRO-CON-MEMBRANA-3-1.jpeg\" alt=\"TAPA GARRAFON GORRO CON MEMBRANA 3\" \/><\/figure><\/div><div class=\"swiper-slide\"><figure class=\"swiper-slide-inner\"><img decoding=\"async\" class=\"swiper-slide-image\" src=\"https:\/\/alfainyeccion.com\/wp-content\/uploads\/2022\/12\/TAPA-GARRAFON-GORRO-CON-MEMBRANA-2-2.jpeg\" alt=\"TAPA GARRAFON GORRO CON MEMBRANA 2\" \/><\/figure><\/div><div class=\"swiper-slide\"><figure class=\"swiper-slide-inner\"><img decoding=\"async\" class=\"swiper-slide-image\" src=\"https:\/\/alfainyeccion.com\/wp-content\/uploads\/2022\/12\/TAPA-GARRAFON-GORRO-CON-MEMBRANA-1.jpeg\" alt=\"TAPA GARRAFON GORRO CON MEMBRANA\" \/><\/figure><\/div><div class=\"swiper-slide\"><figure class=\"swiper-slide-inner\"><img decoding=\"async\" class=\"swiper-slide-image\" src=\"https:\/\/alfainyeccion.com\/wp-content\/uploads\/2022\/12\/Tapa-con-retapa-I.jpg\" alt=\"Tapa con retapa I\" \/><\/figure><\/div><div class=\"swiper-slide\"><figure class=\"swiper-slide-inner\"><img decoding=\"async\" class=\"swiper-slide-image\" src=\"https:\/\/alfainyeccion.com\/wp-content\/uploads\/2022\/12\/TAPA-GARRAFON-GORRO-CON-MEMBRANA-2-1.jpeg\" alt=\"TAPA GARRAFON GORRO CON MEMBRANA 2\" \/><\/figure><\/div><div class=\"swiper-slide\"><figure class=\"swiper-slide-inner\"><img decoding=\"async\" class=\"swiper-slide-image\" src=\"https:\/\/alfainyeccion.com\/wp-content\/uploads\/2022\/12\/TAPA-GARRAFON-GORRO-CON-MEMBRANA.jpeg\" alt=\"TAPA GARRAFON GORRO CON MEMBRANA\" \/><\/figure><\/div>\t\t\t<\/div>\n\t\t\t\t\t\t\t\t\t\t\t\t\t\t\t\t<div class=\"elementor-swiper-button elementor-swiper-button-prev\">\n\t\t\t\t\t\t<i aria-hidden=\"true\" class=\"eicon-chevron-left\"><\/i>\t\t\t\t\t\t<span class=\"elementor-screen-only\">Previous<\/span>\n\t\t\t\t\t<\/div>\n\t\t\t\t\t<div class=\"elementor-swiper-button elementor-swiper-button-next\">\n\t\t\t\t\t\t<i aria-hidden=\"true\" class=\"eicon-chevron-right\"><\/i>\t\t\t\t\t\t<span class=\"elementor-screen-only\">Next<\/span>\n\t\t\t\t\t<\/div>\n\t\t\t\t\t\t\t\t\t<\/div>\n\t\t\t\t<\/div>\n\t\t\t\t<\/div>\n\t\t\t\t\t<\/div>\n\t\t<\/div>\n\t\t\t\t\t\t\t<\/div>\n\t\t<\/section>\n\t\t\t\t\t<\/div>\n\t\t<\/div>\n\t\t\t\t\t\t\t<\/div>\n\t\t<\/div>\n\t\t\t\t\t\t\t<\/div>\n\t\t","protected":false},"excerpt":{"rendered":"<p>ALFA INYECCI\u00d3N Productos Calidad e innovaci\u00f3n en inyecci\u00f3n de pl\u00e1stico. Tapa de garraf\u00f3n con retapa https:\/\/www.youtube.com\/watch?v=_TCMCwKxkG4 Caracter\u00edsticas del producto Descripci\u00f3n: Tapa de garraf\u00f3n con retapa. Dimensi\u00f3n: Di\u00e1metro 55mm y Altura 23.5mm. Material: Polietileno Baja Densidad (LDPE). Aplicaci\u00f3n: Tapa presi\u00f3n para garraf\u00f3n 19 y 20 litros. Colores: Varios colores. Fabricaci\u00f3n: Materia prima virgen regulada por la [&hellip;]<\/p>\n","protected":false},"author":1,"featured_media":0,"parent":0,"menu_order":0,"comment_status":"closed","ping_status":"closed","template":"template-homepage.php","meta":{"inline_featured_image":false,"footnotes":""},"class_list":["post-16324","page","type-page","status-publish","hentry"],"_links":{"self":[{"href":"https:\/\/alfainyeccion.com\/index.php?rest_route=\/wp\/v2\/pages\/16324","targetHints":{"allow":["GET"]}}],"collection":[{"href":"https:\/\/alfainyeccion.com\/index.php?rest_route=\/wp\/v2\/pages"}],"about":[{"href":"https:\/\/alfainyeccion.com\/index.php?rest_route=\/wp\/v2\/types\/page"}],"author":[{"embeddable":true,"href":"https:\/\/alfainyeccion.com\/index.php?rest_route=\/wp\/v2\/users\/1"}],"replies":[{"embeddable":true,"href":"https:\/\/alfainyeccion.com\/index.php?rest_route=%2Fwp%2Fv2%2Fcomments&post=16324"}],"version-history":[{"count":26,"href":"https:\/\/alfainyeccion.com\/index.php?rest_route=\/wp\/v2\/pages\/16324\/revisions"}],"predecessor-version":[{"id":16924,"href":"https:\/\/alfainyeccion.com\/index.php?rest_route=\/wp\/v2\/pages\/16324\/revisions\/16924"}],"wp:attachment":[{"href":"https:\/\/alfainyeccion.com\/index.php?rest_route=%2Fwp%2Fv2%2Fmedia&parent=16324"}],"curies":[{"name":"wp","href":"https:\/\/api.w.org\/{rel}","templated":true}]}}